{"id":188,"date":"2019-04-08T18:17:17","date_gmt":"2019-04-08T16:17:17","guid":{"rendered":"http:\/\/localhost\/wamp\/www\/NEWSITEACMAD\/?page_id=188"},"modified":"2023-09-22T17:51:22","modified_gmt":"2023-09-22T15:51:22","slug":"past-events","status":"publish","type":"page","link":"https:\/\/acmad.org\/index.php\/past-events\/","title":{"rendered":"Past Events"},"content":{"rendered":"\t\t<div data-elementor-type=\"wp-page\" data-elementor-id=\"188\" class=\"elementor elementor-188\" data-elementor-post-type=\"page\">\n\t\t\t\t\t\t<section class=\"elementor-section elementor-top-section elementor-element elementor-element-46dd11c elementor-section-boxed elementor-section-height-default elementor-section-height-default wpr-particle-no wpr-jarallax-no wpr-parallax-no wpr-sticky-section-no\" data-id=\"46dd11c\" data-element_type=\"section\">\n\t\t\t\t\t\t<div class=\"elementor-container elementor-column-gap-default\">\n\t\t\t\t\t<div class=\"elementor-column elementor-col-100 elementor-top-column elementor-element elementor-element-dc11064\" data-id=\"dc11064\" data-element_type=\"column\">\n\t\t\t<div class=\"elementor-widget-wrap elementor-element-populated\">\n\t\t\t\t\t\t<div class=\"elementor-element elementor-element-0769504 elementor-widget elementor-widget-shortcode\" data-id=\"0769504\" data-element_type=\"widget\" data-widget_type=\"shortcode.default\">\n\t\t\t\t<div class=\"elementor-widget-container\">\n\t\t\t\t\t\t\t<div class=\"elementor-shortcode\">\n<table id=\"tablepress-24\" class=\"tablepress tablepress-id-24\">\n<thead>\n<tr class=\"row-1\">\n\t<th class=\"column-1\">N\u00b0<\/th><th class=\"column-2\">Title<\/th><th class=\"column-3\">Date and Place<\/th>\n<\/tr>\n<\/thead>\n<tbody class=\"row-striping row-hover\">\n<tr class=\"row-2\">\n\t<td class=\"column-1\">1<\/td><td class=\"column-2\"><h4>PRESAC 14<\/h4> <p align=\"justify\"> <b>14\u00e8me<\/b> Forum R\u00e9gional des Pr\u00e9visions Climatiques Saisonni\u00e8res pour l\u2019Afrique Centrale PRESAC-14<br \/>\nTh\u00e8me : \u00abService climatique pour renforcer la r\u00e9silience aux catastrophes en Afrique Centrale\u00bb.<\/p> <br \/>\n<\/td><td class=\"column-3\"><h5>Dates:<\/h5> 27 Sept-01 Oct, 2021<br \/>\n<h5>Venue:<\/h5> Douala , Cameroun<\/td>\n<\/tr>\n<tr class=\"row-3\">\n\t<td class=\"column-1\">2<\/td><td class=\"column-2\"><h4>COP 26<\/h4><p align=\"justify\">The participation of the ACMAD delegation at the 26thconference of the parties (COP26), held from 02-12 November 2021,took place as planned in the CLIMSA project\u2019s 2021 work plan.<\/p><\/td><td class=\"column-3\"><h5>Dates:<\/h5>02-12 Nov 2021<br \/>\n<h5>Venue:<\/h5> Glasgow , Angleterre<\/td>\n<\/tr>\n<tr class=\"row-4\">\n\t<td class=\"column-1\">3<\/td><td class=\"column-2\"><h4>UIP1<\/h4><p align=\"justify\"> the first Continental Climate Service User Interface Workshop consisting of a plenary session on The status of climate services provision in Africa followed by parallel sessions on the detailed needs of agriculture and water, Disaster Risk Reduction, and health sectors to build resilience and adaption to climate change impacts.  A second plenary dedicated to presentation and adoption of updated climate services needs of the sectors mentioned above, the Terms of Reference of User interface platforms per sector and rules of procedures governing the operations of the platforms.<\/p> <\/td><td class=\"column-3\"><h5>Dates:<\/h5>26-29 Juillet 2022<br \/>\n<h5>Venue:<\/h5>Yaound\u00e9, Cameroun<\/td>\n<\/tr>\n<\/tbody>\n<\/table>\n<!-- #tablepress-24 from cache --><\/div>\n\t\t\t\t\t\t<\/div>\n\t\t\t\t<\/div>\n\t\t\t\t\t<\/div>\n\t\t<\/div>\n\t\t\t\t\t<\/div>\n\t\t<\/section>\n\t\t\t\t<\/div>\n\t\t","protected":false},"excerpt":{"rendered":"","protected":false},"author":1,"featured_media":0,"parent":0,"menu_order":0,"comment_status":"closed","ping_status":"closed","template":"template-fullwidth.php","meta":{"_et_pb_use_builder":"","_et_pb_old_content":"","_et_gb_content_width":"","_eb_attr":"","footnotes":""},"class_list":["post-188","page","type-page","status-publish","hentry"],"_links":{"self":[{"href":"https:\/\/acmad.org\/index.php\/wp-json\/wp\/v2\/pages\/188","targetHints":{"allow":["GET"]}}],"collection":[{"href":"https:\/\/acmad.org\/index.php\/wp-json\/wp\/v2\/pages"}],"about":[{"href":"https:\/\/acmad.org\/index.php\/wp-json\/wp\/v2\/types\/page"}],"author":[{"embeddable":true,"href":"https:\/\/acmad.org\/index.php\/wp-json\/wp\/v2\/users\/1"}],"replies":[{"embeddable":true,"href":"https:\/\/acmad.org\/index.php\/wp-json\/wp\/v2\/comments?post=188"}],"version-history":[{"count":13,"href":"https:\/\/acmad.org\/index.php\/wp-json\/wp\/v2\/pages\/188\/revisions"}],"predecessor-version":[{"id":4681,"href":"https:\/\/acmad.org\/index.php\/wp-json\/wp\/v2\/pages\/188\/revisions\/4681"}],"wp:attachment":[{"href":"https:\/\/acmad.org\/index.php\/wp-json\/wp\/v2\/media?parent=188"}],"curies":[{"name":"wp","href":"https:\/\/api.w.org\/{rel}","templated":true}]}}