{"id":2172,"date":"2021-08-23T19:01:07","date_gmt":"2021-08-23T17:01:07","guid":{"rendered":"https:\/\/acmad.org\/?page_id=2172"},"modified":"2022-11-11T15:49:06","modified_gmt":"2022-11-11T14:49:06","slug":"presac14","status":"publish","type":"page","link":"https:\/\/acmad.org\/index.php\/presac14\/","title":{"rendered":"presac14"},"content":{"rendered":"<p style=\"text-align: center;\"><strong>14<sup>\u00e8me<\/sup> FOROUM DE PREVISION CLIMATIQUE SAISONNIERE EN AFRIQUE CENTRALE (PRESAC-14) DU 27 SEPTEMBRE AU 01 OCTOBRE 2021<\/strong><\/p>\n<p>&nbsp;<\/p>\n<p><strong>COMMUNIQUE FINAL <\/strong><\/p>\n<p style=\"text-align: justify;\">La p\u00e9riode Octobre \u00e0 D\u00e9cembre, constitue une importante saison des pluies sur une grande partie de la r\u00e9gion Afrique Centrale. Il est pr\u00e9vu des pr\u00e9cipitations sup\u00e9rieures aux moyennes saisonni\u00e8res en particulier sur la partie c\u00f4ti\u00e8re (depuis le Cameroun jusqu\u2019en Angola) proche de l\u2019Atlantique puis des quantit\u00e9s de pluies plut\u00f4t inf\u00e9rieures aux moyennes saisonni\u00e8res sur l\u2019extr\u00eames Nord et Est de la r\u00e9gion en R\u00e9publique D\u00e9mocratique du Congo, au Burundi et au Rwanda.\u00a0 Des pluies abondantes pouvant entrainer des inondations et des vents violents sur la fa\u00e7ade Atlantique et une s\u00e9cheresse d\u2019intensit\u00e9 faible \u00e0 mod\u00e9r\u00e9 associ\u00e9e \u00e0 des d\u00e9marrages tardifs \u00e0 normaux de la saison sur l\u2019extr\u00eame Est sont les al\u00e9as pouvant tr\u00e8s probablement impacter la r\u00e9gion.<\/p>\n<p style=\"text-align: justify;\">La mise \u00e0 jour des plans de contingence, les plans d\u2019Organisation de la R\u00e9ponse de S\u00e9curit\u00e9 Civile (ORSeC) et la mise en \u0153uvre des actions de gestion des risques de catastrophes pourront b\u00e9n\u00e9ficier de cette pr\u00e9vision pour identifier et \u00e9valuer les risques prioritaires puis planifier et mettre en \u0153uvre les actions de pr\u00e9paration et r\u00e9ponse adapt\u00e9es.<\/p>\n<p style=\"text-align: justify;\">La collaboration r\u00e9guli\u00e8re entre les Centres Climatiques r\u00e9gionaux, le bureau r\u00e9gional OCHA et le bureau R\u00e9gional la F\u00e9d\u00e9ration Internationale de la Croix Rouge et du Croissant Rouge (IFRC) puis les Repr\u00e9sentations Nationales OCHA, Croix Rouge et les Services M\u00e9t\u00e9orologiques Nationaux est recommand\u00e9e pour mieux valoriser les informations du forum et am\u00e9liorer la gestion des risques dans la r\u00e9gion.<\/p>\n<p>lire tout le <a href=\"https:\/\/acmad.org\/wp-content\/uploads\/2021\/10\/Communiqu\u00e9-Finale_PRESAC-14-VF-05102021.pdf\">communique final<\/a> et le <a href=\"https:\/\/acmad.org\/wp-content\/uploads\/2021\/10\/BULLETIN_PRESAC-14.pdf\">BULLETIN_PRESAC-14<\/a><\/p>\n<p>&nbsp;<\/p>\n","protected":false},"excerpt":{"rendered":"<p>14\u00e8me FOROUM DE PREVISION CLIMATIQUE SAISONNIERE EN AFRIQUE CENTRALE (PRESAC-14) DU 27 SEPTEMBRE AU 01 OCTOBRE 2021 &nbsp; COMMUNIQUE FINAL La p\u00e9riode Octobre \u00e0 D\u00e9cembre, constitue une importante saison des pluies sur une grande partie de la r\u00e9gion Afrique Centrale. Il est pr\u00e9vu des pr\u00e9cipitations sup\u00e9rieures aux moyennes saisonni\u00e8res en particulier sur la partie c\u00f4ti\u00e8re (depuis le Cameroun jusqu\u2019en Angola)<\/p>\n","protected":false},"author":1,"featured_media":0,"parent":0,"menu_order":0,"comment_status":"closed","ping_status":"closed","template":"","meta":{"_et_pb_use_builder":"","_et_pb_old_content":"","_et_gb_content_width":"","_eb_attr":"","footnotes":""},"class_list":["post-2172","page","type-page","status-publish","hentry"],"_links":{"self":[{"href":"https:\/\/acmad.org\/index.php\/wp-json\/wp\/v2\/pages\/2172","targetHints":{"allow":["GET"]}}],"collection":[{"href":"https:\/\/acmad.org\/index.php\/wp-json\/wp\/v2\/pages"}],"about":[{"href":"https:\/\/acmad.org\/index.php\/wp-json\/wp\/v2\/types\/page"}],"author":[{"embeddable":true,"href":"https:\/\/acmad.org\/index.php\/wp-json\/wp\/v2\/users\/1"}],"replies":[{"embeddable":true,"href":"https:\/\/acmad.org\/index.php\/wp-json\/wp\/v2\/comments?post=2172"}],"version-history":[{"count":16,"href":"https:\/\/acmad.org\/index.php\/wp-json\/wp\/v2\/pages\/2172\/revisions"}],"predecessor-version":[{"id":4788,"href":"https:\/\/acmad.org\/index.php\/wp-json\/wp\/v2\/pages\/2172\/revisions\/4788"}],"wp:attachment":[{"href":"https:\/\/acmad.org\/index.php\/wp-json\/wp\/v2\/media?parent=2172"}],"curies":[{"name":"wp","href":"https:\/\/api.w.org\/{rel}","templated":true}]}}