{"id":2445,"date":"2021-12-16T18:52:20","date_gmt":"2021-12-16T17:52:20","guid":{"rendered":"https:\/\/acmad.org\/?page_id=2445"},"modified":"2026-01-05T15:23:21","modified_gmt":"2026-01-05T14:23:21","slug":"recrutements","status":"publish","type":"page","link":"https:\/\/acmad.org\/index.php\/recrutements\/","title":{"rendered":"Recrutement"},"content":{"rendered":"\t\t<div data-elementor-type=\"wp-page\" data-elementor-id=\"2445\" class=\"elementor elementor-2445\" data-elementor-post-type=\"page\">\n\t\t\t\t\t\t<section class=\"elementor-section elementor-top-section elementor-element elementor-element-9325336 elementor-section-boxed elementor-section-height-default elementor-section-height-default wpr-particle-no wpr-jarallax-no wpr-parallax-no wpr-sticky-section-no\" data-id=\"9325336\" data-element_type=\"section\">\n\t\t\t\t\t\t<div class=\"elementor-container elementor-column-gap-default\">\n\t\t\t\t\t<div class=\"elementor-column elementor-col-100 elementor-top-column elementor-element elementor-element-9c3c638\" data-id=\"9c3c638\" data-element_type=\"column\" data-settings=\"{&quot;background_background&quot;:&quot;classic&quot;}\">\n\t\t\t<div class=\"elementor-widget-wrap elementor-element-populated\">\n\t\t\t\t\t\t<div class=\"elementor-element elementor-element-9b0acc5 elementor-widget elementor-widget-image\" data-id=\"9b0acc5\" data-element_type=\"widget\" data-widget_type=\"image.default\">\n\t\t\t\t<div class=\"elementor-widget-container\">\n\t\t\t\t\t\t\t\t\t\t\t\t\t\t\t<img fetchpriority=\"high\" fetchpriority=\"high\" decoding=\"async\" width=\"805\" height=\"184\" src=\"https:\/\/acmad.org\/wp-content\/uploads\/2023\/04\/Capture.jpg\" class=\"attachment-large size-large wp-image-7960\" alt=\"\" srcset=\"https:\/\/acmad.org\/wp-content\/uploads\/2023\/04\/Capture.jpg 805w, https:\/\/acmad.org\/wp-content\/uploads\/2023\/04\/Capture-300x69.jpg 300w, https:\/\/acmad.org\/wp-content\/uploads\/2023\/04\/Capture-768x176.jpg 768w\" sizes=\"(max-width: 805px) 100vw, 805px\" \/>\t\t\t\t\t\t\t\t\t\t\t\t\t\t\t<\/div>\n\t\t\t\t<\/div>\n\t\t\t\t\t<\/div>\n\t\t<\/div>\n\t\t\t\t\t<\/div>\n\t\t<\/section>\n\t\t\t\t<section class=\"elementor-section elementor-top-section elementor-element elementor-element-89b43d2 elementor-section-height-min-height elementor-section-boxed elementor-section-height-default elementor-section-items-middle wpr-particle-no wpr-jarallax-no wpr-parallax-no wpr-sticky-section-no\" data-id=\"89b43d2\" data-element_type=\"section\" data-settings=\"{&quot;background_background&quot;:&quot;classic&quot;}\">\n\t\t\t\t\t\t<div class=\"elementor-container elementor-column-gap-default\">\n\t\t\t\t\t<div class=\"elementor-column elementor-col-100 elementor-top-column elementor-element elementor-element-a0d04b6\" data-id=\"a0d04b6\" data-element_type=\"column\">\n\t\t\t<div class=\"elementor-widget-wrap elementor-element-populated\">\n\t\t\t\t\t\t<div class=\"elementor-element elementor-element-2f7f7c5 elementor-widget elementor-widget-heading\" data-id=\"2f7f7c5\" data-element_type=\"widget\" data-widget_type=\"heading.default\">\n\t\t\t\t<div class=\"elementor-widget-container\">\n\t\t\t\t\t<h5 class=\"elementor-heading-title elementor-size-default\"><a href=\"http:\/\/sgbd.acmad.org:8080\/thredds\/fileServer\/ACMAD\/PROJECTS\/CLIMSA\/COMM\/2-Vacancies-SEB-Experts-Consultants_CMR_DMN-vf(2).pdf\">AVIS DE RECRUTEMENT\nEXPERTS\/CONSULTANTS A TEMPS PARTIEL<br><br>\n\nPOSTES:\n<br><br>Consultant(e) B\u00e9n\u00e9fice Socio-\u00e9conomique des Services Climatiques<\/a><\/h5>\t\t\t\t<\/div>\n\t\t\t\t<\/div>\n\t\t\t\t<div class=\"elementor-element elementor-element-17f1b6f elementor-widget elementor-widget-heading\" data-id=\"17f1b6f\" data-element_type=\"widget\" data-widget_type=\"heading.default\">\n\t\t\t\t<div class=\"elementor-widget-container\">\n\t\t\t\t\t<h5 class=\"elementor-heading-title elementor-size-default\"><a href=\"http:\/\/sgbd.acmad.org:8080\/thredds\/fileServer\/ACMAD\/PROJECTS\/CLIMSA\/COMM\/Vacancies%20STE%20jan2024_en-RHjan042024-pub.pdf\"><B> <FONT FACE=\"Arial\" SIZE=\"3\" COLOR=\"BLUE\"><div><strong>THE PERIOD OF THIS RECRUITMENT HAS BEEN POSTPONED TO FEBRUARY 29TH, 2024<br>\n<\/strong><\/a><\/div><br>\nVACANCY ANNOUNCEMENT FOR SHORT-TERM EXPERTS:<br><br>1. CLIMATE SERVICES APPLICATIONS EXPERT,<br>2. CLIMATE SERVICE AND APPLICATION CONSULTANT,<br>3. WEATHER AND CLIMATE FORECASTING EXPERT<br>4. INFORMATION TECHNOLOGY EXPERT<\/a><\/h5>\t\t\t\t<\/div>\n\t\t\t\t<\/div>\n\t\t\t\t\t<\/div>\n\t\t<\/div>\n\t\t\t\t\t<\/div>\n\t\t<\/section>\n\t\t\t\t<\/div>\n\t\t","protected":false},"excerpt":{"rendered":"<p>AVIS DE RECRUTEMENT EXPERTS\/CONSULTANTS A TEMPS PARTIEL&#8230;<\/p>\n","protected":false},"author":1,"featured_media":0,"parent":0,"menu_order":0,"comment_status":"closed","ping_status":"closed","template":"","meta":{"_et_pb_use_builder":"on","_et_pb_old_content":"<img src=\"https:\/\/acmad.org\/wp-content\/uploads\/2023\/04\/Capture.jpg\" sizes=\"(max-width: 805px) 100vw, 805px\" srcset=\"https:\/\/acmad.org\/wp-content\/uploads\/2023\/04\/Capture.jpg 805w, https:\/\/acmad.org\/wp-content\/uploads\/2023\/04\/Capture-300x69.jpg 300w, https:\/\/acmad.org\/wp-content\/uploads\/2023\/04\/Capture-768x176.jpg 768w\" alt=\"\" width=\"805\" height=\"184\" \/>\r\n<h5><a href=\"http:\/\/sgbd.acmad.org:8080\/thredds\/fileServer\/ACMAD\/PROJECTS\/CLIMSA\/COMM\/2-Vacancies-SEB-Experts-Consultants_CMR_DMN-vf(2).pdf\">AVIS DE RECRUTEMENT\r\nEXPERTS\/CONSULTANTS A TEMPS PARTIEL\r\n\r\nPOSTES:\r\n\r\n\r\nConsultant(e) B\u00e9n\u00e9fice Socio-\u00e9conomique des Services Climatiques<\/a><\/h5>\r\n<h5><a href=\"http:\/\/sgbd.acmad.org:8080\/thredds\/fileServer\/ACMAD\/PROJECTS\/CLIMSA\/COMM\/Vacancies%20STE%20jan2024_en-RHjan042024-pub.pdf\"><b> <span style=\"color: blue; font-family: Arial; font-size: medium;\"><strong>THE PERIOD OF THIS RECRUITMENT HAS BEEN POSTPONED TO FEBRUARY 29TH, 2024\r\n<\/strong><\/span><\/b><\/a>\r\nVACANCY ANNOUNCEMENT FOR SHORT-TERM EXPERTS:\r\n\r\n1. CLIMATE SERVICES APPLICATIONS EXPERT,\r\n2. CLIMATE SERVICE AND APPLICATION CONSULTANT,\r\n3. WEATHER AND CLIMATE FORECASTING EXPERT\r\n4. INFORMATION TECHNOLOGY EXPERT<\/h5>","_et_gb_content_width":"","_eb_attr":"","footnotes":""},"class_list":["post-2445","page","type-page","status-publish","hentry"],"_links":{"self":[{"href":"https:\/\/acmad.org\/index.php\/wp-json\/wp\/v2\/pages\/2445","targetHints":{"allow":["GET"]}}],"collection":[{"href":"https:\/\/acmad.org\/index.php\/wp-json\/wp\/v2\/pages"}],"about":[{"href":"https:\/\/acmad.org\/index.php\/wp-json\/wp\/v2\/types\/page"}],"author":[{"embeddable":true,"href":"https:\/\/acmad.org\/index.php\/wp-json\/wp\/v2\/users\/1"}],"replies":[{"embeddable":true,"href":"https:\/\/acmad.org\/index.php\/wp-json\/wp\/v2\/comments?post=2445"}],"version-history":[{"count":117,"href":"https:\/\/acmad.org\/index.php\/wp-json\/wp\/v2\/pages\/2445\/revisions"}],"predecessor-version":[{"id":15197,"href":"https:\/\/acmad.org\/index.php\/wp-json\/wp\/v2\/pages\/2445\/revisions\/15197"}],"wp:attachment":[{"href":"https:\/\/acmad.org\/index.php\/wp-json\/wp\/v2\/media?parent=2445"}],"curies":[{"name":"wp","href":"https:\/\/api.w.org\/{rel}","templated":true}]}}