{"id":2744,"date":"2022-04-15T11:37:58","date_gmt":"2022-04-15T09:37:58","guid":{"rendered":"https:\/\/acmad.org\/?page_id=2744"},"modified":"2025-06-11T18:14:34","modified_gmt":"2025-06-11T16:14:34","slug":"newsletter","status":"publish","type":"page","link":"https:\/\/acmad.org\/index.php\/newsletter\/","title":{"rendered":"Newsletter"},"content":{"rendered":"\t\t<div data-elementor-type=\"wp-page\" data-elementor-id=\"2744\" class=\"elementor elementor-2744\" data-elementor-post-type=\"page\">\n\t\t\t\t\t\t<section class=\"elementor-section elementor-top-section elementor-element elementor-element-129e49c7 elementor-section-boxed elementor-section-height-default elementor-section-height-default wpr-particle-no wpr-jarallax-no wpr-parallax-no wpr-sticky-section-no\" data-id=\"129e49c7\" data-element_type=\"section\">\n\t\t\t\t\t\t<div class=\"elementor-container elementor-column-gap-default\">\n\t\t\t\t\t<div class=\"elementor-column elementor-col-100 elementor-top-column elementor-element elementor-element-7544033e\" data-id=\"7544033e\" data-element_type=\"column\">\n\t\t\t<div class=\"elementor-widget-wrap elementor-element-populated\">\n\t\t\t\t\t\t<div class=\"elementor-element elementor-element-345e0996 elementor-widget elementor-widget-text-editor\" data-id=\"345e0996\" data-element_type=\"widget\" data-widget_type=\"text-editor.default\">\n\t\t\t\t<div class=\"elementor-widget-container\">\n\t\t\t\t\t\t\t\t\t<ul><li><a href=\"https:\/\/acmad.org\/wp-content\/uploads\/2019\/03\/NEWSLETTER-Fevrier-mars-2025-EN-3.pdf\">Newsletter_f\u00e9vrier_mars_2025_ENG<\/a><\/li><li><a href=\"https:\/\/acmad.org\/wp-content\/uploads\/2019\/03\/NEWSLETTER-Fevrier-mars-2025-FR.pdf\">Newsletter_f\u00e9vrier_mars_2025_FR<\/a><\/li><li><a href=\"https:\/\/acmad.org\/wp-content\/uploads\/2019\/03\/Newsletter-OND-2024-7.pdf\">Newsletter OND 2024<\/a><\/li><li><a href=\"https:\/\/acmad.org\/wp-content\/uploads\/2019\/03\/Newsletter-mensuelle-Janvier-2025-EN.pdf\">Newsletter_ACMAD_Janvier_(English)<\/a><\/li><li><a href=\"https:\/\/acmad.org\/wp-content\/uploads\/2019\/03\/Newsletter-mensuelle-Janvier-2025-FR.pdf\">Newsletter_ACMAD_Janvier_(Fran\u00e7ais)<\/a><\/li><li><a href=\"https:\/\/acmad.org\/wp-content\/uploads\/2019\/03\/Newsletter-JAS-2024-1.pdf\" target=\"_blank\" rel=\"noopener\">Newsletter JAS 2024<\/a><\/li><li><a href=\"https:\/\/acmad.org\/wp-content\/uploads\/2019\/03\/World-Drought-Atlas.pdf\">World Drought Atlas<\/a><\/li><li><a href=\"https:\/\/acmad.org\/wp-content\/uploads\/2019\/03\/Information_Note_flood.pdf\">Information note : Flood<\/a><\/li><li><a href=\"https:\/\/acmad.org\/wp-content\/uploads\/2019\/03\/Note_Information_inondation.pdf\">Note d&#8217;information : Inondation<\/a><\/li><li><a href=\"https:\/\/acmad.org\/wp-content\/uploads\/2019\/03\/ACMAD-Newsletter-AMJ.pdf\">ACMAD_Newsletter_AMJ<\/a><\/li><li><a href=\"https:\/\/acmad.org\/wp-content\/uploads\/2019\/03\/NEWS_LETTER-4th-quater-2023.pdf\">Monthly ClimSA Newsletter for October, November and December 2023<\/a><\/li><li><a href=\"https:\/\/acmad.org\/wp-content\/uploads\/2019\/03\/NEWSLETTER-CLIM-Health_ACMADwithwho.pdf\">NEWSLETTER CLIM-Health ACMAD<\/a><\/li><li><a href=\"https:\/\/acmad.org\/wp-content\/uploads\/2019\/03\/Monthly-ClimSA-Newsletter_Oct-Nov-Dec.pdf\">Monthly ClimSA Newsletter for October , November, December 2022<\/a><\/li><li><a href=\"https:\/\/acmad.org\/wp-content\/uploads\/2019\/03\/Monthly-ClimSA-Newsletter_janv-Fevrier-Mars.pdf\">Monthly ClimSA Newsletter for February, Mars, Avril 2023<\/a><\/li><li><a href=\"https:\/\/acmad.org\/wp-content\/uploads\/2019\/03\/Monthly-ClimSA-Newsletter_Avril_Mai_Juin.pdf\">Monthly ClimSA Newsletter for Avril, Mai, Juin 2023<\/a><\/li><li><a href=\"https:\/\/acmad.org\/wp-content\/uploads\/2019\/03\/News-letter-PRESAC-14-finl.pdf\">11 pays se mettent ensemble pour d\u00e9terminer ce que pourront \u00eatre les pr\u00e9visions saisonni\u00e8res en Afrique Centrale.<\/a><\/li><li><a href=\"https:\/\/acmad.org\/wp-content\/uploads\/2019\/03\/NEWS-LETTER-SPECIAL-COP-26-fin.pdf\">NEWS LETTER SPECIAL COP 26<\/a><\/li><li><a href=\"https:\/\/acmad.org\/wp-content\/uploads\/2019\/03\/Monthly-ClimSA-Newsletter_July-2022-1.pdf\">Monthly ClimSA Newsletter_July 2022 <\/a><\/li><\/ul>\t\t\t\t\t\t\t\t<\/div>\n\t\t\t\t<\/div>\n\t\t\t\t\t<\/div>\n\t\t<\/div>\n\t\t\t\t\t<\/div>\n\t\t<\/section>\n\t\t\t\t<\/div>\n\t\t","protected":false},"excerpt":{"rendered":"<p>Newsletter_f\u00e9vrier_mars_2025_ENG Newsletter_f\u00e9vrier_mars_2025_FR Newsletter OND 2024 Newsletter_ACMAD_Janvier_(English) Newsletter_ACMAD_Janvier_(Fran\u00e7ais) Newsletter JAS 2024 World Drought Atlas Information note : Flood Note d&#8217;information : Inondation ACMAD_Newsletter_AMJ Monthly ClimSA Newsletter for October, November and December 2023 NEWSLETTER CLIM-Health ACMAD Monthly ClimSA Newsletter for October , November, December 2022 Monthly ClimSA Newsletter for February, Mars, Avril 2023 Monthly ClimSA Newsletter for Avril, Mai, Juin 2023 11<\/p>\n","protected":false},"author":1,"featured_media":0,"parent":0,"menu_order":0,"comment_status":"closed","ping_status":"closed","template":"","meta":{"_et_pb_use_builder":"","_et_pb_old_content":"","_et_gb_content_width":"","_eb_attr":"","footnotes":""},"class_list":["post-2744","page","type-page","status-publish","hentry"],"_links":{"self":[{"href":"https:\/\/acmad.org\/index.php\/wp-json\/wp\/v2\/pages\/2744","targetHints":{"allow":["GET"]}}],"collection":[{"href":"https:\/\/acmad.org\/index.php\/wp-json\/wp\/v2\/pages"}],"about":[{"href":"https:\/\/acmad.org\/index.php\/wp-json\/wp\/v2\/types\/page"}],"author":[{"embeddable":true,"href":"https:\/\/acmad.org\/index.php\/wp-json\/wp\/v2\/users\/1"}],"replies":[{"embeddable":true,"href":"https:\/\/acmad.org\/index.php\/wp-json\/wp\/v2\/comments?post=2744"}],"version-history":[{"count":53,"href":"https:\/\/acmad.org\/index.php\/wp-json\/wp\/v2\/pages\/2744\/revisions"}],"predecessor-version":[{"id":14854,"href":"https:\/\/acmad.org\/index.php\/wp-json\/wp\/v2\/pages\/2744\/revisions\/14854"}],"wp:attachment":[{"href":"https:\/\/acmad.org\/index.php\/wp-json\/wp\/v2\/media?parent=2744"}],"curies":[{"name":"wp","href":"https:\/\/api.w.org\/{rel}","templated":true}]}}