{"id":7817,"date":"2023-03-31T18:32:54","date_gmt":"2023-03-31T16:32:54","guid":{"rendered":"https:\/\/acmad.org\/?page_id=7817"},"modified":"2023-04-03T16:58:21","modified_gmt":"2023-04-03T14:58:21","slug":"presac-17","status":"publish","type":"page","link":"https:\/\/acmad.org\/index.php\/presac-17\/","title":{"rendered":"PRESAC 17"},"content":{"rendered":"\t\t<div data-elementor-type=\"wp-page\" data-elementor-id=\"7817\" class=\"elementor elementor-7817\" data-elementor-post-type=\"page\">\n\t\t\t\t\t\t<section class=\"elementor-section elementor-top-section elementor-element elementor-element-e2f10a9 elementor-section-boxed elementor-section-height-default elementor-section-height-default wpr-particle-no wpr-jarallax-no wpr-parallax-no wpr-sticky-section-no\" data-id=\"e2f10a9\" data-element_type=\"section\">\n\t\t\t\t\t\t<div class=\"elementor-container elementor-column-gap-default\">\n\t\t\t\t\t<div class=\"elementor-column elementor-col-50 elementor-top-column elementor-element elementor-element-2b431f3\" data-id=\"2b431f3\" data-element_type=\"column\">\n\t\t\t<div class=\"elementor-widget-wrap elementor-element-populated\">\n\t\t\t\t\t\t<section class=\"elementor-section elementor-inner-section elementor-element elementor-element-33879e9 elementor-section-boxed elementor-section-height-default elementor-section-height-default wpr-particle-no wpr-jarallax-no wpr-parallax-no wpr-sticky-section-no\" data-id=\"33879e9\" data-element_type=\"section\">\n\t\t\t\t\t\t<div class=\"elementor-container elementor-column-gap-default\">\n\t\t\t\t\t<div class=\"elementor-column elementor-col-50 elementor-inner-column elementor-element elementor-element-ace4c00\" data-id=\"ace4c00\" data-element_type=\"column\">\n\t\t\t<div class=\"elementor-widget-wrap elementor-element-populated\">\n\t\t\t\t\t\t<div class=\"elementor-element elementor-element-575887e elementor-widget elementor-widget-image\" data-id=\"575887e\" data-element_type=\"widget\" data-widget_type=\"image.default\">\n\t\t\t\t<div class=\"elementor-widget-container\">\n\t\t\t\t\t\t\t\t\t\t\t\t\t\t\t<img decoding=\"async\" width=\"15\" height=\"196\" src=\"https:\/\/acmad.org\/wp-content\/uploads\/2022\/06\/Fichier-2-crop.png\" class=\"attachment-medium size-medium wp-image-3186\" alt=\"\" \/>\t\t\t\t\t\t\t\t\t\t\t\t\t\t\t<\/div>\n\t\t\t\t<\/div>\n\t\t\t\t\t<\/div>\n\t\t<\/div>\n\t\t\t\t<div class=\"elementor-column elementor-col-50 elementor-inner-column elementor-element elementor-element-a7a395f\" data-id=\"a7a395f\" data-element_type=\"column\">\n\t\t\t<div class=\"elementor-widget-wrap elementor-element-populated\">\n\t\t\t\t\t\t<div class=\"elementor-element elementor-element-5cf7ae0 elementor-widget elementor-widget-text-editor\" data-id=\"5cf7ae0\" data-element_type=\"widget\" data-widget_type=\"text-editor.default\">\n\t\t\t\t<div class=\"elementor-widget-container\">\n\t\t\t\t\t\t\t\t\t<p><strong>DATE<\/strong><br \/>3-4-5 Avril 2023<\/p>\t\t\t\t\t\t\t\t<\/div>\n\t\t\t\t<\/div>\n\t\t\t\t\t<\/div>\n\t\t<\/div>\n\t\t\t\t\t<\/div>\n\t\t<\/section>\n\t\t\t\t<section class=\"elementor-section elementor-inner-section elementor-element elementor-element-c2e761b elementor-section-boxed elementor-section-height-default elementor-section-height-default wpr-particle-no wpr-jarallax-no wpr-parallax-no wpr-sticky-section-no\" data-id=\"c2e761b\" data-element_type=\"section\">\n\t\t\t\t\t\t<div class=\"elementor-container elementor-column-gap-default\">\n\t\t\t\t\t<div class=\"elementor-column elementor-col-50 elementor-inner-column elementor-element elementor-element-6100fce\" data-id=\"6100fce\" data-element_type=\"column\">\n\t\t\t<div class=\"elementor-widget-wrap elementor-element-populated\">\n\t\t\t\t\t\t<div class=\"elementor-element elementor-element-88bc6b2 elementor-widget elementor-widget-image\" data-id=\"88bc6b2\" data-element_type=\"widget\" data-widget_type=\"image.default\">\n\t\t\t\t<div class=\"elementor-widget-container\">\n\t\t\t\t\t\t\t\t\t\t\t\t\t\t\t<img decoding=\"async\" width=\"11\" height=\"300\" src=\"https:\/\/acmad.org\/wp-content\/uploads\/2022\/06\/Fichier-3-11x300.png\" class=\"attachment-medium size-medium wp-image-3153\" alt=\"\" \/>\t\t\t\t\t\t\t\t\t\t\t\t\t\t\t<\/div>\n\t\t\t\t<\/div>\n\t\t\t\t\t<\/div>\n\t\t<\/div>\n\t\t\t\t<div class=\"elementor-column elementor-col-50 elementor-inner-column elementor-element elementor-element-981523a\" data-id=\"981523a\" data-element_type=\"column\">\n\t\t\t<div class=\"elementor-widget-wrap elementor-element-populated\">\n\t\t\t\t\t\t<div class=\"elementor-element elementor-element-baac17f elementor-widget elementor-widget-text-editor\" data-id=\"baac17f\" data-element_type=\"widget\" data-widget_type=\"text-editor.default\">\n\t\t\t\t<div class=\"elementor-widget-container\">\n\t\t\t\t\t\t\t\t\t<p><strong><a href=\"https:\/\/acmad.org\/wp-content\/uploads\/2019\/03\/VF-Note-conceptuelle-PRESAC-17.pdf\">Note Conceptuelle<\/a><\/strong><\/p>\t\t\t\t\t\t\t\t<\/div>\n\t\t\t\t<\/div>\n\t\t\t\t<div class=\"elementor-element elementor-element-0eb3073 elementor-widget elementor-widget-text-editor\" data-id=\"0eb3073\" data-element_type=\"widget\" data-widget_type=\"text-editor.default\">\n\t\t\t\t<div class=\"elementor-widget-container\">\n\t\t\t\t\t\t\t\t\t<p><strong>Brochure:<\/strong><\/p>\t\t\t\t\t\t\t\t<\/div>\n\t\t\t\t<\/div>\n\t\t\t\t<div class=\"elementor-element elementor-element-65a4cb9 elementor-widget elementor-widget-image\" data-id=\"65a4cb9\" data-element_type=\"widget\" data-widget_type=\"image.default\">\n\t\t\t\t<div class=\"elementor-widget-container\">\n\t\t\t\t\t\t\t\t\t\t\t\t\t\t\t\t<a href=\"https:\/\/acmad.org\/wp-content\/uploads\/2019\/03\/FLYER.pdf\">\n\t\t\t\t\t\t\t<img fetchpriority=\"high\" fetchpriority=\"high\" decoding=\"async\" width=\"284\" height=\"402\" src=\"https:\/\/acmad.org\/wp-content\/uploads\/2023\/03\/Flyer-2.jpg\" class=\"elementor-animation-wobble-to-bottom-right attachment-large size-large wp-image-7828\" alt=\"\" srcset=\"https:\/\/acmad.org\/wp-content\/uploads\/2023\/03\/Flyer-2.jpg 284w, https:\/\/acmad.org\/wp-content\/uploads\/2023\/03\/Flyer-2-212x300.jpg 212w\" sizes=\"(max-width: 284px) 100vw, 284px\" \/>\t\t\t\t\t\t\t\t<\/a>\n\t\t\t\t\t\t\t\t\t\t\t\t\t\t\t<\/div>\n\t\t\t\t<\/div>\n\t\t\t\t\t<\/div>\n\t\t<\/div>\n\t\t\t\t\t<\/div>\n\t\t<\/section>\n\t\t\t\t\t<\/div>\n\t\t<\/div>\n\t\t\t\t<div class=\"elementor-column elementor-col-50 elementor-top-column elementor-element elementor-element-ed53590\" data-id=\"ed53590\" data-element_type=\"column\">\n\t\t\t<div class=\"elementor-widget-wrap elementor-element-populated\">\n\t\t\t\t\t\t<div class=\"elementor-element elementor-element-deb1364 elementor-widget elementor-widget-image\" data-id=\"deb1364\" data-element_type=\"widget\" data-widget_type=\"image.default\">\n\t\t\t\t<div class=\"elementor-widget-container\">\n\t\t\t\t\t\t\t\t\t\t\t\t\t\t\t<img loading=\"lazy\" loading=\"lazy\" decoding=\"async\" width=\"860\" height=\"279\" src=\"https:\/\/acmad.org\/wp-content\/uploads\/2023\/03\/Banderole.jpg\" class=\"attachment-large size-large wp-image-7820\" alt=\"\" srcset=\"https:\/\/acmad.org\/wp-content\/uploads\/2023\/03\/Banderole.jpg 915w, https:\/\/acmad.org\/wp-content\/uploads\/2023\/03\/Banderole-300x97.jpg 300w, https:\/\/acmad.org\/wp-content\/uploads\/2023\/03\/Banderole-768x249.jpg 768w\" sizes=\"auto, (max-width: 860px) 100vw, 860px\" \/>\t\t\t\t\t\t\t\t\t\t\t\t\t\t\t<\/div>\n\t\t\t\t<\/div>\n\t\t\t\t<section class=\"elementor-section elementor-inner-section elementor-element elementor-element-362dfb9 elementor-section-boxed elementor-section-height-default elementor-section-height-default wpr-particle-no wpr-jarallax-no wpr-parallax-no wpr-sticky-section-no\" data-id=\"362dfb9\" data-element_type=\"section\">\n\t\t\t\t\t\t<div class=\"elementor-container elementor-column-gap-default\">\n\t\t\t\t\t<div class=\"elementor-column elementor-col-100 elementor-inner-column elementor-element elementor-element-8a54e99\" data-id=\"8a54e99\" data-element_type=\"column\">\n\t\t\t<div class=\"elementor-widget-wrap elementor-element-populated\">\n\t\t\t\t\t\t<div class=\"elementor-element elementor-element-8a1f50a elementor-widget elementor-widget-text-editor\" data-id=\"8a1f50a\" data-element_type=\"widget\" data-widget_type=\"text-editor.default\">\n\t\t\t\t<div class=\"elementor-widget-container\">\n\t\t\t\t\t\t\t\t\t<p><strong>A propos du Forum<br \/><\/strong><\/p><p>Les changements et la variabilit\u00e9 climatiques constituent un risque majeur et permanent sur le d\u00e9veloppement durable, avec des effets n\u00e9fastes sur tous les secteurs d\u2019activit\u00e9 socio\u00e9conomiques notamment sur la sant\u00e9, l\u2019agriculture et s\u00e9curit\u00e9 alimentaire, la gestion des risques de catastrophes, les ressources en eau, les infrastructures, for\u00eats\/environnement, etc. <\/p>\t\t\t\t\t\t\t\t<\/div>\n\t\t\t\t<\/div>\n\t\t\t\t<div class=\"elementor-element elementor-element-8acd5e9 readmorebtn elementor-widget elementor-widget-toggle\" data-id=\"8acd5e9\" data-element_type=\"widget\" data-widget_type=\"toggle.default\">\n\t\t\t\t<div class=\"elementor-widget-container\">\n\t\t\t\t\t\t\t<div class=\"elementor-toggle\">\n\t\t\t\t\t\t\t<div class=\"elementor-toggle-item\">\n\t\t\t\t\t<div id=\"elementor-tab-title-1451\" class=\"elementor-tab-title\" data-tab=\"1\" role=\"button\" aria-controls=\"elementor-tab-content-1451\" aria-expanded=\"false\">\n\t\t\t\t\t\t\t\t\t\t\t\t<a class=\"elementor-toggle-title\" tabindex=\"0\">Read more<\/a>\n\t\t\t\t\t<\/div>\n\n\t\t\t\t\t<div id=\"elementor-tab-content-1451\" class=\"elementor-tab-content elementor-clearfix\" data-tab=\"1\" role=\"region\" aria-labelledby=\"elementor-tab-title-1451\"><p>L\u2019Afrique subsaharienne et particuli\u00e8rement l\u2019Afrique centrale est consid\u00e9r\u00e9e comme la r\u00e9gion du monde la plus vuln\u00e9rable aux effets de la variabilit\u00e9 et du changement climatiques comme en t\u00e9moignent les \u00e9pisodes de fortes pluies tomb\u00e9es en novembre et d\u00e9cembre 2022 au Gabon au Congo Brazzaville en R\u00e9publique centrafricaine et en R\u00e9publique D\u00e9mocratique du Congo entrainant de pertes en vies humaines et d\u00e9truisant des infrastructures ferroviaires et routi\u00e8res. Le d\u00e9veloppement \u00e9conomique est essentiellement bas\u00e9 sur l\u2019exploitation des ressources naturelles locales, d\u00e9pendant de la variabilit\u00e9 du temps aux \u00e9chelles journali\u00e8res, intra-saisonni\u00e8res et saisonni\u00e8res. A cet effet, il est important de faire une analyse pouss\u00e9e des conditions m\u00e9t\u00e9orologiques et climatiques afin de pr\u00e9voir ces variabilit\u00e9s pour des besoins de planification, d\u2019adaptation aux changements climatiques et de prises de d\u00e9cisions op\u00e9rationnelles et politiques.<\/p><\/div>\n\t\t\t\t<\/div>\n\t\t\t\t\t\t\t\t<\/div>\n\t\t\t\t\t\t<\/div>\n\t\t\t\t<\/div>\n\t\t\t\t\t<\/div>\n\t\t<\/div>\n\t\t\t\t\t<\/div>\n\t\t<\/section>\n\t\t\t\t<div class=\"elementor-element elementor-element-334be95 elementor-widget elementor-widget-text-editor\" data-id=\"334be95\" data-element_type=\"widget\" data-widget_type=\"text-editor.default\">\n\t\t\t\t<div class=\"elementor-widget-container\">\n\t\t\t\t\t\t\t\t\t<p><strong>Objectif du Forum :<\/strong><\/p><ul><li>Renforcer les capacit\u00e9s des \u00e9tats membres en mati\u00e8re d\u2019outils et de m\u00e9thodes d\u2019\u00e9laboration, de compr\u00e9hension et d\u2019interpr\u00e9tation des pr\u00e9visions saisonni\u00e8res climatiques\u00a0;.<\/li><\/ul>\t\t\t\t\t\t\t\t<\/div>\n\t\t\t\t<\/div>\n\t\t\t\t<div class=\"elementor-element elementor-element-d7749bb readmorebtn elementor-widget elementor-widget-toggle\" data-id=\"d7749bb\" data-element_type=\"widget\" data-widget_type=\"toggle.default\">\n\t\t\t\t<div class=\"elementor-widget-container\">\n\t\t\t\t\t\t\t<div class=\"elementor-toggle\">\n\t\t\t\t\t\t\t<div class=\"elementor-toggle-item\">\n\t\t\t\t\t<div id=\"elementor-tab-title-2251\" class=\"elementor-tab-title\" data-tab=\"1\" role=\"button\" aria-controls=\"elementor-tab-content-2251\" aria-expanded=\"false\">\n\t\t\t\t\t\t\t\t\t\t\t\t<a class=\"elementor-toggle-title\" tabindex=\"0\">Read more<\/a>\n\t\t\t\t\t<\/div>\n\n\t\t\t\t\t<div id=\"elementor-tab-content-2251\" class=\"elementor-tab-content elementor-clearfix\" data-tab=\"1\" role=\"region\" aria-labelledby=\"elementor-tab-title-2251\"><ul><li>Renforcer le dialogue entre les diff\u00e9rentes parties, producteurs des pr\u00e9visions et celles de r\u00e9duction de risque de catastrophes, vuln\u00e9rabilit\u00e9 et att\u00e9nuation, urbanisation et acteurs de d\u00e9veloppement en g\u00e9n\u00e9ral\u00a0;<\/li><li>Elaborer et diffuser les pr\u00e9visions saisonni\u00e8res des pr\u00e9cipitations, ainsi que les caract\u00e9ristiques de la saison de pluie MAM &amp; AMJ 2023 (d\u00e9but, fin de saison et s\u00e9quences s\u00e8ches)\u00a0;<\/li><li>Emettre des avis et conseils pour orienter les d\u00e9cideurs et les usagers finaux des secteurs de r\u00e9duction de risque de catastrophes, de la gestion des ressources en eau, de l\u2019agriculture et s\u00e9curit\u00e9 alimentaire, et de la sant\u00e9, de la vuln\u00e9rabilit\u00e9 et adaptation et urbanisation ;<\/li><li>Dresser un\u00a0\u00a0 communiqu\u00e9 final sur les constats du Forum\u00a0;<\/li><li>Tenir une conf\u00e9rence de presse sur les pr\u00e9visions saisonni\u00e8res consensuelles des pr\u00e9cipitations et des \u00e9coulements \u00e9labor\u00e9s et\/ou diffus\u00e9s<\/li><\/ul><\/div>\n\t\t\t\t<\/div>\n\t\t\t\t\t\t\t\t<\/div>\n\t\t\t\t\t\t<\/div>\n\t\t\t\t<\/div>\n\t\t\t\t<div class=\"elementor-element elementor-element-10e504f elementor-widget elementor-widget-text-editor\" data-id=\"10e504f\" data-element_type=\"widget\" data-widget_type=\"text-editor.default\">\n\t\t\t\t<div class=\"elementor-widget-container\">\n\t\t\t\t\t\t\t\t\t<p><strong>Les resultats attendus:<\/strong><\/p><ul><li>Les experts climatologues, de la RRC des onze \u00e9tats de la CEEAC sont capables d\u2019\u00e9laborer les outils et m\u00e9thodes de compr\u00e9hension et d\u2019interpr\u00e9tation des pr\u00e9visions saisonni\u00e8res climatiques et hydrologiques\u00a0;<\/li><li>Le dialogue entre fournisseurs de pr\u00e9visions et les utilisateurs est renforc\u00e9\u00a0;<\/li><li>Des avis et conseils sont \u00e9mis pour orienter les d\u00e9cideurs, la soci\u00e9t\u00e9 civile et les usagers finaux des secteurs de r\u00e9duction de risque de catastrophes, de Ressources en eau, de l\u2019agriculture et s\u00e9curit\u00e9 alimentaire, et de la sant\u00e9, vuln\u00e9rabilit\u00e9 et att\u00e9nuation, urbanisation ;<\/li><li>Le communiqu\u00e9 final du PRESAC-17 reprenant les r\u00e9sultats du forum est dress\u00e9\u00a0;<\/li><li>Les participants \u00e0 la conf\u00e9rence de presse sont inform\u00e9s sur les pr\u00e9visions saisonni\u00e8res consensuelles des pr\u00e9cipitations et des \u00e9coulements \u00e9labor\u00e9s et\/ou diffus\u00e9s.<\/li><\/ul><p>\u00a0<\/p>\t\t\t\t\t\t\t\t<\/div>\n\t\t\t\t<\/div>\n\t\t\t\t<section class=\"elementor-section elementor-inner-section elementor-element elementor-element-4ec7585 elementor-section-boxed elementor-section-height-default elementor-section-height-default wpr-particle-no wpr-jarallax-no wpr-parallax-no wpr-sticky-section-no\" data-id=\"4ec7585\" data-element_type=\"section\">\n\t\t\t\t\t\t<div class=\"elementor-container elementor-column-gap-default\">\n\t\t\t\t\t<div class=\"elementor-column elementor-col-100 elementor-inner-column elementor-element elementor-element-64b4131\" data-id=\"64b4131\" data-element_type=\"column\">\n\t\t\t<div class=\"elementor-widget-wrap elementor-element-populated\">\n\t\t\t\t\t\t<div class=\"elementor-element elementor-element-3f2247a elementor-widget elementor-widget-text-editor\" data-id=\"3f2247a\" data-element_type=\"widget\" data-widget_type=\"text-editor.default\">\n\t\t\t\t<div class=\"elementor-widget-container\">\n\t\t\t\t\t\t\t\t\t<p><strong>Contact: <\/strong><\/p><div>Pour plus de details, veuillez contacter l&#8217;ACMAD \u00e0 l&#8217;adresse suivante:\u00a0<a href=\"mailto:dgacmad@acmad.org\" target=\"_blank\" rel=\"noopener\">dgacmad@acmad.org<\/a><\/div><p><strong>\u00a0<\/strong><\/p>\t\t\t\t\t\t\t\t<\/div>\n\t\t\t\t<\/div>\n\t\t\t\t\t<\/div>\n\t\t<\/div>\n\t\t\t\t\t<\/div>\n\t\t<\/section>\n\t\t\t\t\t<\/div>\n\t\t<\/div>\n\t\t\t\t\t<\/div>\n\t\t<\/section>\n\t\t\t\t<section class=\"elementor-section elementor-top-section elementor-element elementor-element-1bf493b elementor-section-boxed elementor-section-height-default elementor-section-height-default wpr-particle-no wpr-jarallax-no wpr-parallax-no wpr-sticky-section-no\" data-id=\"1bf493b\" data-element_type=\"section\">\n\t\t\t\t\t\t<div class=\"elementor-container elementor-column-gap-default\">\n\t\t\t\t\t<div class=\"elementor-column elementor-col-100 elementor-top-column elementor-element elementor-element-9f1a4ac\" data-id=\"9f1a4ac\" data-element_type=\"column\">\n\t\t\t<div class=\"elementor-widget-wrap elementor-element-populated\">\n\t\t\t\t\t\t<div class=\"elementor-element elementor-element-a5f7f00 elementor-widget elementor-widget-image\" data-id=\"a5f7f00\" data-element_type=\"widget\" data-widget_type=\"image.default\">\n\t\t\t\t<div class=\"elementor-widget-container\">\n\t\t\t\t\t\t\t\t\t\t\t\t\t\t\t<img loading=\"lazy\" loading=\"lazy\" decoding=\"async\" width=\"860\" height=\"104\" src=\"https:\/\/acmad.org\/wp-content\/uploads\/2023\/03\/topbanner-2.jpg\" class=\"attachment-large size-large wp-image-7861\" alt=\"\" srcset=\"https:\/\/acmad.org\/wp-content\/uploads\/2023\/03\/topbanner-2.jpg 894w, https:\/\/acmad.org\/wp-content\/uploads\/2023\/03\/topbanner-2-300x36.jpg 300w, https:\/\/acmad.org\/wp-content\/uploads\/2023\/03\/topbanner-2-768x93.jpg 768w\" sizes=\"auto, (max-width: 860px) 100vw, 860px\" \/>\t\t\t\t\t\t\t\t\t\t\t\t\t\t\t<\/div>\n\t\t\t\t<\/div>\n\t\t\t\t\t<\/div>\n\t\t<\/div>\n\t\t\t\t\t<\/div>\n\t\t<\/section>\n\t\t\t\t<\/div>\n\t\t","protected":false},"excerpt":{"rendered":"<p>DATE3-4-5 Avril 2023 Note Conceptuelle Brochure: A propos du Forum Les changements et la variabilit\u00e9 climatiques constituent un risque majeur et permanent sur le d\u00e9veloppement durable, avec des effets n\u00e9fastes sur tous les secteurs d\u2019activit\u00e9 socio\u00e9conomiques notamment sur la sant\u00e9, l\u2019agriculture et s\u00e9curit\u00e9 alimentaire, la gestion des risques de catastrophes, les ressources en eau, les infrastructures, for\u00eats\/environnement, etc. Read more<\/p>\n","protected":false},"author":1,"featured_media":0,"parent":0,"menu_order":0,"comment_status":"closed","ping_status":"closed","template":"","meta":{"_et_pb_use_builder":"","_et_pb_old_content":"","_et_gb_content_width":"","_eb_attr":"","footnotes":""},"class_list":["post-7817","page","type-page","status-publish","hentry"],"_links":{"self":[{"href":"https:\/\/acmad.org\/index.php\/wp-json\/wp\/v2\/pages\/7817","targetHints":{"allow":["GET"]}}],"collection":[{"href":"https:\/\/acmad.org\/index.php\/wp-json\/wp\/v2\/pages"}],"about":[{"href":"https:\/\/acmad.org\/index.php\/wp-json\/wp\/v2\/types\/page"}],"author":[{"embeddable":true,"href":"https:\/\/acmad.org\/index.php\/wp-json\/wp\/v2\/users\/1"}],"replies":[{"embeddable":true,"href":"https:\/\/acmad.org\/index.php\/wp-json\/wp\/v2\/comments?post=7817"}],"version-history":[{"count":31,"href":"https:\/\/acmad.org\/index.php\/wp-json\/wp\/v2\/pages\/7817\/revisions"}],"predecessor-version":[{"id":7881,"href":"https:\/\/acmad.org\/index.php\/wp-json\/wp\/v2\/pages\/7817\/revisions\/7881"}],"wp:attachment":[{"href":"https:\/\/acmad.org\/index.php\/wp-json\/wp\/v2\/media?parent=7817"}],"curies":[{"name":"wp","href":"https:\/\/api.w.org\/{rel}","templated":true}]}}