{"id":7956,"date":"2023-04-12T11:13:25","date_gmt":"2023-04-12T09:13:25","guid":{"rendered":"http:\/\/acmad.org\/?page_id=7956"},"modified":"2023-04-13T17:08:27","modified_gmt":"2023-04-13T15:08:27","slug":"presass-10","status":"publish","type":"page","link":"https:\/\/acmad.org\/index.php\/presass-10\/","title":{"rendered":"PRESASS 10"},"content":{"rendered":"\t\t<div data-elementor-type=\"wp-page\" data-elementor-id=\"7956\" class=\"elementor elementor-7956\" data-elementor-post-type=\"page\">\n\t\t\t\t\t\t<section class=\"elementor-section elementor-top-section elementor-element elementor-element-861e7c3 elementor-section-boxed elementor-section-height-default elementor-section-height-default wpr-particle-no wpr-jarallax-no wpr-parallax-no wpr-sticky-section-no\" data-id=\"861e7c3\" data-element_type=\"section\">\n\t\t\t\t\t\t<div class=\"elementor-container elementor-column-gap-default\">\n\t\t\t\t\t<div class=\"elementor-column elementor-col-50 elementor-top-column elementor-element elementor-element-23fd858\" data-id=\"23fd858\" data-element_type=\"column\">\n\t\t\t<div class=\"elementor-widget-wrap elementor-element-populated\">\n\t\t\t\t\t\t<section class=\"elementor-section elementor-inner-section elementor-element elementor-element-3aeb6e5 elementor-section-boxed elementor-section-height-default elementor-section-height-default wpr-particle-no wpr-jarallax-no wpr-parallax-no wpr-sticky-section-no\" data-id=\"3aeb6e5\" data-element_type=\"section\">\n\t\t\t\t\t\t<div class=\"elementor-container elementor-column-gap-default\">\n\t\t\t\t\t<div class=\"elementor-column elementor-col-50 elementor-inner-column elementor-element elementor-element-d353809\" data-id=\"d353809\" data-element_type=\"column\">\n\t\t\t<div class=\"elementor-widget-wrap elementor-element-populated\">\n\t\t\t\t\t\t<div class=\"elementor-element elementor-element-a0aab3f elementor-widget elementor-widget-image\" data-id=\"a0aab3f\" data-element_type=\"widget\" data-widget_type=\"image.default\">\n\t\t\t\t<div class=\"elementor-widget-container\">\n\t\t\t\t\t\t\t\t\t\t\t\t\t\t\t<img decoding=\"async\" width=\"15\" height=\"196\" src=\"https:\/\/acmad.org\/wp-content\/uploads\/2022\/06\/Fichier-2-crop.png\" class=\"attachment-medium size-medium wp-image-3186\" alt=\"\" \/>\t\t\t\t\t\t\t\t\t\t\t\t\t\t\t<\/div>\n\t\t\t\t<\/div>\n\t\t\t\t\t<\/div>\n\t\t<\/div>\n\t\t\t\t<div class=\"elementor-column elementor-col-50 elementor-inner-column elementor-element elementor-element-1508934\" data-id=\"1508934\" data-element_type=\"column\">\n\t\t\t<div class=\"elementor-widget-wrap elementor-element-populated\">\n\t\t\t\t\t\t<div class=\"elementor-element elementor-element-6c01271 elementor-widget elementor-widget-text-editor\" data-id=\"6c01271\" data-element_type=\"widget\" data-widget_type=\"text-editor.default\">\n\t\t\t\t<div class=\"elementor-widget-container\">\n\t\t\t\t\t\t\t\t\t<p><strong>DATE<\/strong><br \/>24 &#8211; 27 AVril 2023<\/p>\t\t\t\t\t\t\t\t<\/div>\n\t\t\t\t<\/div>\n\t\t\t\t\t<\/div>\n\t\t<\/div>\n\t\t\t\t\t<\/div>\n\t\t<\/section>\n\t\t\t\t<section class=\"elementor-section elementor-inner-section elementor-element elementor-element-fbb20f7 elementor-section-boxed elementor-section-height-default elementor-section-height-default wpr-particle-no wpr-jarallax-no wpr-parallax-no wpr-sticky-section-no\" data-id=\"fbb20f7\" data-element_type=\"section\">\n\t\t\t\t\t\t<div class=\"elementor-container elementor-column-gap-default\">\n\t\t\t\t\t<div class=\"elementor-column elementor-col-50 elementor-inner-column elementor-element elementor-element-fe0e4ef\" data-id=\"fe0e4ef\" data-element_type=\"column\">\n\t\t\t<div class=\"elementor-widget-wrap elementor-element-populated\">\n\t\t\t\t\t\t<div class=\"elementor-element elementor-element-4a29f3e elementor-widget elementor-widget-image\" data-id=\"4a29f3e\" data-element_type=\"widget\" data-widget_type=\"image.default\">\n\t\t\t\t<div class=\"elementor-widget-container\">\n\t\t\t\t\t\t\t\t\t\t\t\t\t\t\t<img decoding=\"async\" width=\"11\" height=\"300\" src=\"https:\/\/acmad.org\/wp-content\/uploads\/2022\/06\/Fichier-3-11x300.png\" class=\"attachment-medium size-medium wp-image-3153\" alt=\"\" \/>\t\t\t\t\t\t\t\t\t\t\t\t\t\t\t<\/div>\n\t\t\t\t<\/div>\n\t\t\t\t\t<\/div>\n\t\t<\/div>\n\t\t\t\t<div class=\"elementor-column elementor-col-50 elementor-inner-column elementor-element elementor-element-b58d7a1\" data-id=\"b58d7a1\" data-element_type=\"column\">\n\t\t\t<div class=\"elementor-widget-wrap elementor-element-populated\">\n\t\t\t\t\t\t<div class=\"elementor-element elementor-element-77fca84 elementor-widget elementor-widget-text-editor\" data-id=\"77fca84\" data-element_type=\"widget\" data-widget_type=\"text-editor.default\">\n\t\t\t\t<div class=\"elementor-widget-container\">\n\t\t\t\t\t\t\t\t\t<p><strong><a href=\"https:\/\/acmad.org\/wp-content\/uploads\/2019\/03\/Concepte_note_presass_23_Draft_fr.pdf\">Note_concept<\/a><\/strong><\/p>\t\t\t\t\t\t\t\t<\/div>\n\t\t\t\t<\/div>\n\t\t\t\t<div class=\"elementor-element elementor-element-afb8812 elementor-widget elementor-widget-text-editor\" data-id=\"afb8812\" data-element_type=\"widget\" data-widget_type=\"text-editor.default\">\n\t\t\t\t<div class=\"elementor-widget-container\">\n\t\t\t\t\t\t\t\t\t<p><strong>Brochure:<\/strong><\/p>\t\t\t\t\t\t\t\t<\/div>\n\t\t\t\t<\/div>\n\t\t\t\t<div class=\"elementor-element elementor-element-549dad9 elementor-widget elementor-widget-image\" data-id=\"549dad9\" data-element_type=\"widget\" data-widget_type=\"image.default\">\n\t\t\t\t<div class=\"elementor-widget-container\">\n\t\t\t\t\t\t\t\t\t\t\t\t\t\t\t\t<a href=\"https:\/\/acmad.org\/wp-content\/uploads\/2019\/03\/PRESASS-2023-FLYER.pdf\">\n\t\t\t\t\t\t\t<img fetchpriority=\"high\" fetchpriority=\"high\" decoding=\"async\" width=\"285\" height=\"401\" src=\"https:\/\/acmad.org\/wp-content\/uploads\/2023\/04\/FlyerPresass10.jpg\" class=\"elementor-animation-wobble-to-bottom-right attachment-large size-large wp-image-7973\" alt=\"\" srcset=\"https:\/\/acmad.org\/wp-content\/uploads\/2023\/04\/FlyerPresass10.jpg 285w, https:\/\/acmad.org\/wp-content\/uploads\/2023\/04\/FlyerPresass10-213x300.jpg 213w\" sizes=\"(max-width: 285px) 100vw, 285px\" \/>\t\t\t\t\t\t\t\t<\/a>\n\t\t\t\t\t\t\t\t\t\t\t\t\t\t\t<\/div>\n\t\t\t\t<\/div>\n\t\t\t\t\t<\/div>\n\t\t<\/div>\n\t\t\t\t\t<\/div>\n\t\t<\/section>\n\t\t\t\t\t<\/div>\n\t\t<\/div>\n\t\t\t\t<div class=\"elementor-column elementor-col-50 elementor-top-column elementor-element elementor-element-35badeb\" data-id=\"35badeb\" data-element_type=\"column\">\n\t\t\t<div class=\"elementor-widget-wrap elementor-element-populated\">\n\t\t\t\t\t\t<div class=\"elementor-element elementor-element-2f79897 elementor-widget elementor-widget-image\" data-id=\"2f79897\" data-element_type=\"widget\" data-widget_type=\"image.default\">\n\t\t\t\t<div class=\"elementor-widget-container\">\n\t\t\t\t\t\t\t\t\t\t\t\t\t\t\t<img loading=\"lazy\" loading=\"lazy\" decoding=\"async\" width=\"807\" height=\"271\" src=\"https:\/\/acmad.org\/wp-content\/uploads\/2023\/04\/BannerPresass10.jpg\" class=\"attachment-large size-large wp-image-7970\" alt=\"\" srcset=\"https:\/\/acmad.org\/wp-content\/uploads\/2023\/04\/BannerPresass10.jpg 807w, https:\/\/acmad.org\/wp-content\/uploads\/2023\/04\/BannerPresass10-300x101.jpg 300w, https:\/\/acmad.org\/wp-content\/uploads\/2023\/04\/BannerPresass10-768x258.jpg 768w\" sizes=\"auto, (max-width: 807px) 100vw, 807px\" \/>\t\t\t\t\t\t\t\t\t\t\t\t\t\t\t<\/div>\n\t\t\t\t<\/div>\n\t\t\t\t<section class=\"elementor-section elementor-inner-section elementor-element elementor-element-7a27658 elementor-section-boxed elementor-section-height-default elementor-section-height-default wpr-particle-no wpr-jarallax-no wpr-parallax-no wpr-sticky-section-no\" data-id=\"7a27658\" data-element_type=\"section\">\n\t\t\t\t\t\t<div class=\"elementor-container elementor-column-gap-default\">\n\t\t\t\t\t<div class=\"elementor-column elementor-col-100 elementor-inner-column elementor-element elementor-element-d915a6d\" data-id=\"d915a6d\" data-element_type=\"column\">\n\t\t\t<div class=\"elementor-widget-wrap elementor-element-populated\">\n\t\t\t\t\t\t<div class=\"elementor-element elementor-element-9f56e7c elementor-widget elementor-widget-text-editor\" data-id=\"9f56e7c\" data-element_type=\"widget\" data-widget_type=\"text-editor.default\">\n\t\t\t\t<div class=\"elementor-widget-container\">\n\t\t\t\t\t\t\t\t\t<p><strong>A propos du Forum<br \/><\/strong><\/p><p>L\u2019ACMAD en collaboration avec le Centre AGRHYMET et Direction M\u00e9t\u00e9orologique du Niger avec ses partenaires techniques organise le forum r\u00e9gional de pr\u00e9vision saisonni\u00e8re sous le th\u00e8me \u201c Service Climatique pour l\u2019Alerte Pr\u00e9coce et pour une Action Rapide dans la r\u00e9gion Sudano-Sah\u00e9lienne\u201d<\/p>\t\t\t\t\t\t\t\t<\/div>\n\t\t\t\t<\/div>\n\t\t\t\t<div class=\"elementor-element elementor-element-16f4175 readmorebtn elementor-widget elementor-widget-toggle\" data-id=\"16f4175\" data-element_type=\"widget\" data-widget_type=\"toggle.default\">\n\t\t\t\t<div class=\"elementor-widget-container\">\n\t\t\t\t\t\t\t<div class=\"elementor-toggle\">\n\t\t\t\t\t\t\t<div class=\"elementor-toggle-item\">\n\t\t\t\t\t<div id=\"elementor-tab-title-2401\" class=\"elementor-tab-title\" data-tab=\"1\" role=\"button\" aria-controls=\"elementor-tab-content-2401\" aria-expanded=\"false\">\n\t\t\t\t\t\t\t\t\t\t\t\t<a class=\"elementor-toggle-title\" tabindex=\"0\">Read more<\/a>\n\t\t\t\t\t<\/div>\n\n\t\t\t\t\t<div id=\"elementor-tab-content-2401\" class=\"elementor-tab-content elementor-clearfix\" data-tab=\"1\" role=\"region\" aria-labelledby=\"elementor-tab-title-2401\"><p>Cette activit\u00e9 est organis\u00e9 dans le cadre du programme \u00ab Services et Applications Climatiques (ClimSA) avec l&#8217;appui et la coordination du Centre Africain pour les Applications de la M\u00e9t\u00e9orologie au D\u00e9veloppement (ACMAD) en collaboration avec l&#8217;Organisation M\u00e9t\u00e9orologique Mondiale ( L&#8217;OMM), les Services m\u00e9t\u00e9orologiques et hydrologiques nationaux (SMHN) de la R\u00e9gion du Sudano-Sah\u00e9lienne et d&#8217;autres partenaires, organisent Forum R\u00e9gional des Perspectives du Climat pour la R\u00e9gion Sudano-Sah\u00e9lienne \u00e9dition 2023.<\/p><p>Les inondations et les s\u00e9cheresses, l&#8217;apparition tardive, l&#8217;arr\u00eat pr\u00e9coce et tardif des pluies, les p\u00e9riodes s\u00e8ches et humides sont les principaux al\u00e9as climatiques de la r\u00e9gion. P\u00e9nurie d&#8217;eau, semis multiples, ins\u00e9curit\u00e9 alimentaire due \u00e0 la baisse des rendements des cultures, conflits entre agriculteurs et \u00e9leveurs dus aux s\u00e9cheresses, \u00e9pid\u00e9mie de paludisme surviennent r\u00e9guli\u00e8rement. Les dommages aux routes et autres infrastructures, les pertes de vies humaines et de biens li\u00e9s aux inondations sont devenus un sujet de vive pr\u00e9occupation dans de nombreuses villes de la r\u00e9gion depuis la fin des ann\u00e9es 90.<\/p><p>La pr\u00e9vision saisonni\u00e8re est utile pour l\u2019adaptation \u00e0 la variabilit\u00e9 et au changement climatique ainsi que la gestion de catastrophes.La pr\u00e9vision saisonni\u00e8re permet d\u2019organiser \u00e0 l\u2019avance les dispositifs de secours et d\u2019urgence dans les zones inondables dans le cas d\u2019une pr\u00e9vision d\u2019une ann\u00e9e humide, tandis que la pr\u00e9vision de la s\u00e9cheresse permet de se pr\u00e9parer contre des \u00e9ventuelles p\u00e9nuries d\u2019eau ou de faible production agricole et d\u2019\u00e9nergie hydro\u00e9lectrique pouvant entrainer une ins\u00e9curit\u00e9 alimentaire et les d\u00e9lestages.<\/p><p>Cette ann\u00e9e la dixi\u00e8me \u00e9dition du PRESASS aura lieu \u00e0 Niamey au Niger du 24 au 27 Avril 2023, qui sera associ\u00e9 avec le 12\u00e8me Forum Africain des Perspective du Climat Continentale. (ACCOF) qui est un \u00e9v\u00e9nement organis\u00e9 par l\u2019ACMAD avec les Centres R\u00e9gionaux Climatiques \u00e0 l\u2019\u00e9chelle du Continent pour la production de la pr\u00e9vision durant le mois de Mai \u00e0 September 2023. L\u2019\u00e9v\u00e9nement permettra le d\u00e9veloppement des pr\u00e9visions saisonni\u00e8res \u00e0 l\u2019\u00e9chelle r\u00e9gionale et continentale dont les r\u00e9sultats seront communiqu\u00e9s aux d\u00e9cideurs et au grand public..<\/p><\/div>\n\t\t\t\t<\/div>\n\t\t\t\t\t\t\t\t<\/div>\n\t\t\t\t\t\t<\/div>\n\t\t\t\t<\/div>\n\t\t\t\t\t<\/div>\n\t\t<\/div>\n\t\t\t\t\t<\/div>\n\t\t<\/section>\n\t\t\t\t<div class=\"elementor-element elementor-element-54cb3b8 elementor-widget elementor-widget-text-editor\" data-id=\"54cb3b8\" data-element_type=\"widget\" data-widget_type=\"text-editor.default\">\n\t\t\t\t<div class=\"elementor-widget-container\">\n\t\t\t\t\t\t\t\t\t<p><strong>Objectifs du Forum :<\/strong><\/p><p>L\u2019objectif global du forum est de contribuer au renforcement de la r\u00e9silience des populations de la r\u00e9gion du Sahel face aux al\u00e9as climatiques pendant la p\u00e9riode Mai \u00e0 Septembre 2023. Ceci se fait \u00e0 travers la formation, la production de la pr\u00e9vision, l\u2019interaction avec les utilisateurs\/d\u00e9cideurs et la communication pendant le forum.<\/p>\t\t\t\t\t\t\t\t<\/div>\n\t\t\t\t<\/div>\n\t\t\t\t<div class=\"elementor-element elementor-element-43f2580 readmorebtn elementor-widget elementor-widget-toggle\" data-id=\"43f2580\" data-element_type=\"widget\" data-widget_type=\"toggle.default\">\n\t\t\t\t<div class=\"elementor-widget-container\">\n\t\t\t\t\t\t\t<div class=\"elementor-toggle\">\n\t\t\t\t\t\t\t<div class=\"elementor-toggle-item\">\n\t\t\t\t\t<div id=\"elementor-tab-title-7121\" class=\"elementor-tab-title\" data-tab=\"1\" role=\"button\" aria-controls=\"elementor-tab-content-7121\" aria-expanded=\"false\">\n\t\t\t\t\t\t\t\t\t\t\t\t<a class=\"elementor-toggle-title\" tabindex=\"0\">Read more<\/a>\n\t\t\t\t\t<\/div>\n\n\t\t\t\t\t<div id=\"elementor-tab-content-7121\" class=\"elementor-tab-content elementor-clearfix\" data-tab=\"1\" role=\"region\" aria-labelledby=\"elementor-tab-title-7121\"><p>Les objectifs sp\u00e9cifiques sont de :<\/p><p>&#8211; Favoriser les \u00e9changes de connaissances entre experts du climat et utilisateurs des informations et services climatiques ;<br \/>&#8211; Produire des pr\u00e9visions climatiques saisonni\u00e8res consensuelles valables pour les saisons Mars \u00e0 Juin 2023 dans la r\u00e9gion ;<br \/>&#8211; Faciliter les applications de ces pr\u00e9visions pour la gestion de l\u2019eau, des risques de catastrophes, de l\u2019agriculture et l\u2019am\u00e9lioration de la r\u00e9silience dans les autres secteurs socio-\u00e9conomiques ;<br \/>&#8211; V\u00e9rifier les pr\u00e9visions 2022, faciliter la collecte des informations sur les exp\u00e9riences et le\u00e7ons tir\u00e9es de l\u2019utilisation des pr\u00e9visions saisonni\u00e8res de 2022 ;<br \/>&#8211; Discuter des impacts et cons\u00e9quences des pr\u00e9visions saisonni\u00e8res consensuelles de 2020 ;<br \/>&#8211; Formuler les strat\u00e9gies et pratiques pour la gestion des risques et des opportunit\u00e9s dans les secteurs socio-\u00e9conomiques notamment l\u2019agriculture et l\u2019eau.<\/p><\/div>\n\t\t\t\t<\/div>\n\t\t\t\t\t\t\t\t<\/div>\n\t\t\t\t\t\t<\/div>\n\t\t\t\t<\/div>\n\t\t\t\t<div class=\"elementor-element elementor-element-7046251 elementor-widget elementor-widget-text-editor\" data-id=\"7046251\" data-element_type=\"widget\" data-widget_type=\"text-editor.default\">\n\t\t\t\t<div class=\"elementor-widget-container\">\n\t\t\t\t\t\t\t\t\t<p><strong>R\u00e9sultats attendus:<\/strong><\/p><p>&#8211;\u00a0 Les capacit\u00e9s techniques des experts nationaux sont renforc\u00e9es ;<br \/>&#8211;\u00a0 La pr\u00e9vision saisonni\u00e8re consensuelle, les al\u00e9as, impacts potentiels et mesures de r\u00e9ponse produits et diffus\u00e9s ;<br \/>&#8211;\u00a0 L\u2019interaction avec les utilisateurs renforc\u00e9e.<\/p>\t\t\t\t\t\t\t\t<\/div>\n\t\t\t\t<\/div>\n\t\t\t\t<section class=\"elementor-section elementor-inner-section elementor-element elementor-element-4d14737 elementor-section-boxed elementor-section-height-default elementor-section-height-default wpr-particle-no wpr-jarallax-no wpr-parallax-no wpr-sticky-section-no\" data-id=\"4d14737\" data-element_type=\"section\">\n\t\t\t\t\t\t<div class=\"elementor-container elementor-column-gap-default\">\n\t\t\t\t\t<div class=\"elementor-column elementor-col-100 elementor-inner-column elementor-element elementor-element-51859fa\" data-id=\"51859fa\" data-element_type=\"column\">\n\t\t\t<div class=\"elementor-widget-wrap elementor-element-populated\">\n\t\t\t\t\t\t<div class=\"elementor-element elementor-element-dc3751f elementor-widget elementor-widget-text-editor\" data-id=\"dc3751f\" data-element_type=\"widget\" data-widget_type=\"text-editor.default\">\n\t\t\t\t<div class=\"elementor-widget-container\">\n\t\t\t\t\t\t\t\t\t<p><strong>Contact: <\/strong><\/p><div>For more details, please join us through this mail: <a href=\"mailto:dgacmad@acmad.org\" target=\"_blank\" rel=\"noopener\">dgacmad@acmad.org<\/a><\/div><p><strong>\u00a0<\/strong><\/p>\t\t\t\t\t\t\t\t<\/div>\n\t\t\t\t<\/div>\n\t\t\t\t\t<\/div>\n\t\t<\/div>\n\t\t\t\t\t<\/div>\n\t\t<\/section>\n\t\t\t\t\t<\/div>\n\t\t<\/div>\n\t\t\t\t\t<\/div>\n\t\t<\/section>\n\t\t\t\t<section class=\"elementor-section elementor-top-section elementor-element elementor-element-7522d57 elementor-section-boxed elementor-section-height-default elementor-section-height-default wpr-particle-no wpr-jarallax-no wpr-parallax-no wpr-sticky-section-no\" data-id=\"7522d57\" data-element_type=\"section\">\n\t\t\t\t\t\t<div class=\"elementor-container elementor-column-gap-default\">\n\t\t\t\t\t<div class=\"elementor-column elementor-col-100 elementor-top-column elementor-element elementor-element-d192e4b\" data-id=\"d192e4b\" data-element_type=\"column\">\n\t\t\t<div class=\"elementor-widget-wrap elementor-element-populated\">\n\t\t\t\t\t\t<div class=\"elementor-element elementor-element-6f3cb59 elementor-widget elementor-widget-image\" data-id=\"6f3cb59\" data-element_type=\"widget\" data-widget_type=\"image.default\">\n\t\t\t\t<div class=\"elementor-widget-container\">\n\t\t\t\t\t\t\t\t\t\t\t\t\t\t\t<img loading=\"lazy\" loading=\"lazy\" decoding=\"async\" width=\"860\" height=\"120\" src=\"https:\/\/acmad.org\/wp-content\/uploads\/2023\/04\/TopBanner.jpg\" class=\"attachment-large size-large wp-image-7982\" alt=\"\" srcset=\"https:\/\/acmad.org\/wp-content\/uploads\/2023\/04\/TopBanner.jpg 887w, https:\/\/acmad.org\/wp-content\/uploads\/2023\/04\/TopBanner-300x42.jpg 300w, https:\/\/acmad.org\/wp-content\/uploads\/2023\/04\/TopBanner-768x107.jpg 768w, https:\/\/acmad.org\/wp-content\/uploads\/2023\/04\/TopBanner-880x124.jpg 880w\" sizes=\"auto, (max-width: 860px) 100vw, 860px\" \/>\t\t\t\t\t\t\t\t\t\t\t\t\t\t\t<\/div>\n\t\t\t\t<\/div>\n\t\t\t\t\t<\/div>\n\t\t<\/div>\n\t\t\t\t\t<\/div>\n\t\t<\/section>\n\t\t\t\t<\/div>\n\t\t","protected":false},"excerpt":{"rendered":"<p>DATE24 &#8211; 27 AVril 2023 Note_concept Brochure: A propos du Forum L\u2019ACMAD en collaboration avec le Centre AGRHYMET et Direction M\u00e9t\u00e9orologique du Niger avec ses partenaires techniques organise le forum r\u00e9gional de pr\u00e9vision saisonni\u00e8re sous le th\u00e8me \u201c Service Climatique pour l\u2019Alerte Pr\u00e9coce et pour une Action Rapide dans la r\u00e9gion Sudano-Sah\u00e9lienne\u201d Read more Cette activit\u00e9 est organis\u00e9 dans le<\/p>\n","protected":false},"author":1,"featured_media":0,"parent":0,"menu_order":0,"comment_status":"closed","ping_status":"closed","template":"","meta":{"_et_pb_use_builder":"","_et_pb_old_content":"","_et_gb_content_width":"","_eb_attr":"","footnotes":""},"class_list":["post-7956","page","type-page","status-publish","hentry"],"_links":{"self":[{"href":"https:\/\/acmad.org\/index.php\/wp-json\/wp\/v2\/pages\/7956","targetHints":{"allow":["GET"]}}],"collection":[{"href":"https:\/\/acmad.org\/index.php\/wp-json\/wp\/v2\/pages"}],"about":[{"href":"https:\/\/acmad.org\/index.php\/wp-json\/wp\/v2\/types\/page"}],"author":[{"embeddable":true,"href":"https:\/\/acmad.org\/index.php\/wp-json\/wp\/v2\/users\/1"}],"replies":[{"embeddable":true,"href":"https:\/\/acmad.org\/index.php\/wp-json\/wp\/v2\/comments?post=7956"}],"version-history":[{"count":29,"href":"https:\/\/acmad.org\/index.php\/wp-json\/wp\/v2\/pages\/7956\/revisions"}],"predecessor-version":[{"id":8539,"href":"https:\/\/acmad.org\/index.php\/wp-json\/wp\/v2\/pages\/7956\/revisions\/8539"}],"wp:attachment":[{"href":"https:\/\/acmad.org\/index.php\/wp-json\/wp\/v2\/media?parent=7956"}],"curies":[{"name":"wp","href":"https:\/\/api.w.org\/{rel}","templated":true}]}}